{"id":625,"date":"2023-10-23T21:23:54","date_gmt":"2023-10-23T19:23:54","guid":{"rendered":"https:\/\/gielda.uzywanemaszyny.com\/?page_id=625"},"modified":"2023-10-23T21:31:25","modified_gmt":"2023-10-23T19:31:25","slug":"regulamin","status":"publish","type":"page","link":"https:\/\/gielda.uzywanemaszyny.com\/index.php\/regulamin\/","title":{"rendered":"Regulamin"},"content":{"rendered":"\n<p><strong>Warunki<\/strong><\/p>\n\n\n\n<p>Uzyskuj\u0105c dost\u0119p do tej strony, zgadzasz si\u0119 na przestrzeganie tego regulaminu, wszystkich obowi\u0105zuj\u0105cych praw i przepis\u00f3w oraz zgadzasz si\u0119, \u017ce jeste\u015b odpowiedzialny za przestrzeganie wszelkich obowi\u0105zuj\u0105cych przepis\u00f3w lokalnych. Je\u015bli nie zgadzasz si\u0119 z kt\u00f3rymkolwiek z tych warunk\u00f3w, nie mo\u017cesz korzysta\u0107 z tej witryny lub uzyska\u0107 do niej dost\u0119pu. Materia\u0142y zawarte w tym portalu s\u0105 chronione obowi\u0105zuj\u0105cym prawem autorskim i prawem znak\u00f3w towarowych.<\/p>\n\n\n\n<p><strong>Wykorzystanie licencji<\/strong><\/p>\n\n\n\n<ul><li>Zezwala si\u0119 na czasowe pobranie jednej kopii materia\u0142\u00f3w dost\u0119pnych na stronie internetowej uzywanemaszyny.com, wy\u0142\u0105cznie w celu osobistego, niekomercyjnego u\u017cytku. Jest to udzielenie licencji, a nie przeniesienie prawa w\u0142asno\u015bci, a na podstawie tej licencji Licencjobiorca nie mo\u017ce:<\/li><li>modyfikowa\u0107 lub kopiowa\u0107 materia\u0142y;<\/li><li>wykorzystywa\u0107 materia\u0142\u00f3w w celach komercyjnych lub publicznych (komercyjnych lub niekomercyjnych);<\/li><li>pr\u00f3bowa\u0107 dekompilowa\u0107 lub odtwarza\u0107 kodu \u017ar\u00f3d\u0142owego oprogramowania znajduj\u0105cego si\u0119 na stronie internetowej uzywanemaszyny.com;<\/li><li>usuwa\u0107 z materia\u0142\u00f3w wszelkie prawa autorskie lub inne zastrze\u017cone zapisy;<\/li><li>udost\u0119pni\u0107 materia\u0142y innym osobom lub umieszcza\u0107 kopi lustrzanych materia\u0142\u00f3w na jakimkolwiek innym serwerze.<\/li><\/ul>\n\n\n\n<p>Niniejsza licencja wygasa automatycznie w przypadku naruszenia kt\u00f3regokolwiek z tych ogranicze\u0144 i mo\u017ce zosta\u0107 rozwi\u0105zana przez Firm\u0119 w dowolnym czasie. Po zako\u0144czeniu przegl\u0105dania tych materia\u0142\u00f3w lub po wyga\u015bni\u0119ciu niniejszej licencji, musisz zniszczy\u0107 wszystkie pobrane materia\u0142y, kt\u00f3re s\u0105 w twoim posiadaniu, w formie elektronicznej lub drukowanej.<\/p>\n\n\n\n<p><strong>Zastrze\u017cenie<\/strong><\/p>\n\n\n\n<p>Materia\u0142y na stronie internetowej s\u0105 dostarczane \u201ctak jak jest\u201d. Portal nie udziela \u017cadnych gwarancji, wyra\u017anych ani dorozumianych, i niniejszym zrzeka si\u0119 i neguje wszelkie inne gwarancje, w tym mi\u0119dzy innymi domniemane gwarancje lub warunki przydatno\u015bci handlowej, przydatno\u015bci do okre\u015blonego celu lub nienaruszania w\u0142asno\u015bci intelektualnej lub innego naruszenia praw. Ponadto nie gwarantuje ani nie sk\u0142ada \u017cadnych o\u015bwiadcze\u0144 dotycz\u0105cych dok\u0142adno\u015bci, prawdopodobnych wynik\u00f3w lub rzetelno\u015bci korzystania z materia\u0142\u00f3w na swojej stronie internetowej lub w inny spos\u00f3b zwi\u0105zanych z takimi materia\u0142ami lub na stronach powi\u0105zanych z t\u0105 witryn\u0105.<\/p>\n\n\n\n<p><strong>Ograniczenia<\/strong><\/p>\n\n\n\n<p>W \u017cadnym wypadku portal nie ponosi odpowiedzialno\u015bci za jakiekolwiek szkody (w tym, bez ogranicze\u0144, za utrat\u0119 danych lub zysk\u00f3w z powodu przerwy w dzia\u0142alno\u015bci) wynikaj\u0105ce z u\u017cycia lub niemo\u017cno\u015bci korzystania z materia\u0142\u00f3w na stronie internetowej uzywanemaszyny.com, nawet je\u015bli portal lub przedstawiciel zosta\u0142 powiadomiony ustnie lub na pi\u015bmie o mo\u017cliwo\u015bci wyst\u0105pienia takiej szkody. Poniewa\u017c niekt\u00f3re jurysdykcje nie zezwalaj\u0105 na ograniczenia domniemanych gwarancji lub ograniczenia odpowiedzialno\u015bci za szkody wynikowe lub przypadkowe, ograniczenia te mog\u0105 nie mie\u0107 zastosowania.<\/p>\n\n\n\n<p><strong>Korekty i Errata<\/strong><\/p>\n\n\n\n<p>Materia\u0142y pojawiaj\u0105ce si\u0119 na stronie internetowej uzywanemaszyny.com i podstrony mog\u0105 zawiera\u0107 b\u0142\u0119dy techniczne, typograficzne lub fotograficzne. Portal nie gwarantuje, \u017ce kt\u00f3rykolwiek z materia\u0142\u00f3w na swojej stronie internetowej jest dok\u0142adny, kompletny lub aktualny. Portal mo\u017ce wprowadza\u0107 zmiany w materia\u0142ach zawartych na swojej stronie internetowej w dowolnym czasie i bez powiadomienia. Portal nie zobowi\u0105zuje si\u0119 jednak do aktualizacji materia\u0142\u00f3w.<\/p>\n\n\n\n<p><strong>Linki<\/strong><\/p>\n\n\n\n<p>Portal nie dokona\u0142 przegl\u0105du wszystkich witryn powi\u0105zanych z jego witryn\u0105 i nie ponosi odpowiedzialno\u015bci za zawarto\u015b\u0107 takich stron. Za\u0142\u0105czenie jakiegokolwiek linku nie oznacza polecenie danej witryny ze strony portalu. Korzystanie z takich powi\u0105zanych stron internetowych odbywa si\u0119 na w\u0142asne ryzyko u\u017cytkownika.<\/p>\n\n\n\n<p><strong>Warunki korzystania i modyfikacje witryny<\/strong><\/p>\n\n\n\n<p>Portal mo\u017ce zmieni\u0107 niniejszy regulamin na swojej stronie internetowej w dowolnym czasie i bez powiadomienia. Korzystaj\u0105c z tej witryny, wyra\u017casz zgod\u0119 na przestrzeganie aktualnego Regulaminu.<\/p>\n\n\n\n<p><strong>Prawo w\u0142a\u015bciwe<\/strong><\/p>\n\n\n\n<p>Wszelkie roszczenia zwi\u0105zane ze stron\u0105 internetow\u0105 portalu podlegaj\u0105 przepisom jurysdykcji miejscowej w\u0142a\u015bciciela, bez wzgl\u0119du na miejscowe przepisy kolizyjne u\u017cytkownik\u00f3w<\/p>\n","protected":false},"excerpt":{"rendered":"<p>Warunki Uzyskuj\u0105c dost\u0119p do tej strony, zgadzasz si\u0119 na przestrzeganie tego regulaminu, wszystkich obowi\u0105zuj\u0105cych praw i przepis\u00f3w oraz zgadzasz si\u0119, \u017ce jeste\u015b odpowiedzialny za przestrzeganie wszelkich obowi\u0105zuj\u0105cych przepis\u00f3w lokalnych. Je\u015bli nie zgadzasz si\u0119 z kt\u00f3rymkolwiek z tych warunk\u00f3w, nie mo\u017cesz korzysta\u0107 z tej witryny lub uzyska\u0107 do niej dost\u0119pu. Materia\u0142y zawarte w tym portalu s\u0105 [&hellip;]<\/p>\n","protected":false},"author":1,"featured_media":0,"parent":0,"menu_order":0,"comment_status":"closed","ping_status":"closed","template":"","meta":{"footnotes":""},"aioseo_notices":[],"_links":{"self":[{"href":"https:\/\/gielda.uzywanemaszyny.com\/index.php\/wp-json\/wp\/v2\/pages\/625"}],"collection":[{"href":"https:\/\/gielda.uzywanemaszyny.com\/index.php\/wp-json\/wp\/v2\/pages"}],"about":[{"href":"https:\/\/gielda.uzywanemaszyny.com\/index.php\/wp-json\/wp\/v2\/types\/page"}],"author":[{"embeddable":true,"href":"https:\/\/gielda.uzywanemaszyny.com\/index.php\/wp-json\/wp\/v2\/users\/1"}],"replies":[{"embeddable":true,"href":"https:\/\/gielda.uzywanemaszyny.com\/index.php\/wp-json\/wp\/v2\/comments?post=625"}],"version-history":[{"count":2,"href":"https:\/\/gielda.uzywanemaszyny.com\/index.php\/wp-json\/wp\/v2\/pages\/625\/revisions"}],"predecessor-version":[{"id":628,"href":"https:\/\/gielda.uzywanemaszyny.com\/index.php\/wp-json\/wp\/v2\/pages\/625\/revisions\/628"}],"wp:attachment":[{"href":"https:\/\/gielda.uzywanemaszyny.com\/index.php\/wp-json\/wp\/v2\/media?parent=625"}],"curies":[{"name":"wp","href":"https:\/\/api.w.org\/{rel}","templated":true}]}}