{"id":3,"date":"2021-03-21T19:35:22","date_gmt":"2021-03-21T18:35:22","guid":{"rendered":"http:\/\/gielda.uzywanemaszyny.com\/?page_id=3"},"modified":"2023-11-02T19:17:11","modified_gmt":"2023-11-02T18:17:11","slug":"polityka-prywatnosci","status":"publish","type":"page","link":"https:\/\/gielda.uzywanemaszyny.com\/index.php\/polityka-prywatnosci\/","title":{"rendered":"Polityka prywatno\u015bci"},"content":{"rendered":"\n<p><strong>Polityka prywatno\u015bci<\/strong><\/p>\n\n\n\n<p>Polityka prywatno\u015bci reguluje spos\u00f3b, w jaki zbieramy, u\u017cywamy, utrzymujemy i ujawniamy informacje zebrane od u\u017cytkownik\u00f3w strony. Niniejsza Polityka prywatno\u015bci dotyczy strony uzywanemaszyny.com i wszystkich produkt\u00f3w oferowanych przez portal.<\/p>\n\n\n\n<p><strong>Dane osobowe<\/strong><\/p>\n\n\n\n<p>Mo\u017cemy zbiera\u0107 osobiste dane identyfikacyjne od u\u017cytkownik\u00f3w na r\u00f3\u017cne sposoby. Robimy to gdy u\u017cytkownicy zapisuj\u0105 si\u0119 do portalu lub kursu, subskrybuj\u0105 biuletyn oraz w trakcie innych dzia\u0142a\u0144 zwi\u0105zanych z us\u0142ugami, funkcjami lub zasobami, kt\u00f3re udost\u0119pniamy na naszej stronie. U\u017cytkownicy mog\u0105 odwiedza\u0107 stron\u0119 anonimowo. B\u0119dziemy zbiera\u0107 dane osobowe od u\u017cytkownik\u00f3w tylko wtedy, gdy dobrowolnie prze\u015bl\u0105 nam takie informacje. U\u017cytkownicy mog\u0105 odm\u00f3wi\u0107 podania osobistych danych identyfikacyjnych, ale mo\u017ce to uniemo\u017cliwi\u0107 anga\u017cowanie si\u0119 w pewne dzia\u0142ania zwi\u0105zane z portalem.<\/p>\n\n\n\n<p><strong>Jak wykorzystujemy zebrane informacje<\/strong><\/p>\n\n\n\n<p>Strona mo\u017ce gromadzi\u0107 i wykorzystywa\u0107 dane osobowe u\u017cytkownik\u00f3w w nast\u0119puj\u0105cych celach:<\/p>\n\n\n\n<ul>\n<li>Aby poprawi\u0107 obs\u0142ug\u0119 klienta<\/li>\n<\/ul>\n\n\n\n<p>Informacje, kt\u00f3re podajesz, pozwalaj\u0105 nam skuteczniej reagowa\u0107 na zg\u0142oszenia i potrzeby obs\u0142ugi klienta.<\/p>\n\n\n\n<ul>\n<li>Aby spersonalizowa\u0107 ofert\u0119 dla u\u017cytkownika<\/li>\n<\/ul>\n\n\n\n<p>Mo\u017cemy wykorzysta\u0107 informacje w zbiorach, aby zrozumie\u0107, w jaki spos\u00f3b nasi u\u017cytkownicy jako grupa korzystaj\u0105 z us\u0142ug i zasob\u00f3w udost\u0119pnianych na naszej stronie.<\/p>\n\n\n\n<ul>\n<li>Aby wys\u0142a\u0107 okresowe wiadomo\u015bci e-mail<\/li>\n<\/ul>\n\n\n\n<p>Mo\u017cemy u\u017cywa\u0107 adresu e-mail u\u017cytkownik\u00f3w do wysy\u0142ania informacji o u\u017cytkownikach i aktualizacjach dotycz\u0105cych ich zam\u00f3wienia. Adresy e-mail u\u017cytkownik\u00f3w mo\u017cna r\u00f3wnie\u017c wykorzystywa\u0107 do odpowiadania na pytania zadawane przez u\u017cytkownik\u00f3w lub inne pro\u015bby.<\/p>\n\n\n\n<p><strong>Udost\u0119pnianie Twoich danych osobowych<\/strong><\/p>\n\n\n\n<p>Nie sprzedajemy, nie handlujemy ani nie wypo\u017cyczamy danych osobowych identyfikacyjnych u\u017cytkownik\u00f3w innym osobom.<\/p>\n\n\n\n<p><strong>Witryny stron trzecich<\/strong><\/p>\n\n\n\n<p>U\u017cytkownik mo\u017ce znale\u017a\u0107 na naszej stronie tre\u015bci reklamowe lub inne tre\u015bci, kt\u00f3re zawieraj\u0105 linki do stron internetowych i us\u0142ug naszych partner\u00f3w, dostawc\u00f3w, reklamodawc\u00f3w, sponsor\u00f3w, licencjodawc\u00f3w i innych stron trzecich. Nie kontrolujemy tre\u015bci ani link\u00f3w, kt\u00f3re pojawiaj\u0105 si\u0119 na tych stronach internetowych i nie ponosimy odpowiedzialno\u015bci za praktyki stosowane przez strony internetowe powi\u0105zane z naszym portalem. Ponadto te witryny lub us\u0142ugi, w tym ich tre\u015b\u0107 i linki, mog\u0105 si\u0119 ci\u0105gle zmienia\u0107. Te witryny i us\u0142ugi mog\u0105 mie\u0107 w\u0142asne polityki prywatno\u015bci i zasady obs\u0142ugi klienta. Przegl\u0105danie i interakcja na jakiejkolwiek innej stronie internetowej, podlega warunkom i zasadom tej witryny.<\/p>\n\n\n\n<p><strong>Zmiany w niniejszej polityce prywatno\u015bci<\/strong><\/p>\n\n\n\n<p>Strona ma prawo do aktualizowania niniejszej polityki prywatno\u015bci w dowolnym momencie. Zach\u0119camy u\u017cytkownik\u00f3w do cz\u0119stego sprawdzania tej strony pod k\u0105tem jakichkolwiek zmian. U\u017cytkownik przyjmuje do wiadomo\u015bci i zgadza si\u0119, \u017ce obowi\u0105zkiem u\u017cytkownika jest okresowe sprawdzanie niniejszej polityki prywatno\u015bci i zapoznanie si\u0119 z jej modyfikacjami.<\/p>\n\n\n\n<p><strong>Twoja akceptacja tych warunk\u00f3w<\/strong><\/p>\n\n\n\n<p>Zapisuj\u0105c si\u0119 do portalu, wyra\u017casz zgod\u0119 na niniejsz\u0105 polityk\u0119 prywatno\u015bci. Je\u015bli nie zgadzasz si\u0119 z niniejsz\u0105 polityk\u0105 prywatno\u015bci, nie rejestruj si\u0119 w portalu. Twoja dalsza rejestracja po opublikowaniu zmian w niniejszej polityce prywatno\u015bci zostanie uznana za Twoj\u0105 akceptacj\u0119 tych zmian.<\/p>\n","protected":false},"excerpt":{"rendered":"<p>Polityka prywatno\u015bci Polityka prywatno\u015bci reguluje spos\u00f3b, w jaki zbieramy, u\u017cywamy, utrzymujemy i ujawniamy informacje zebrane od u\u017cytkownik\u00f3w strony. Niniejsza Polityka prywatno\u015bci dotyczy strony uzywanemaszyny.com i wszystkich produkt\u00f3w oferowanych przez portal. Dane osobowe Mo\u017cemy zbiera\u0107 osobiste dane identyfikacyjne od u\u017cytkownik\u00f3w na r\u00f3\u017cne sposoby. Robimy to gdy u\u017cytkownicy zapisuj\u0105 si\u0119 do portalu lub kursu, subskrybuj\u0105 biuletyn oraz [&hellip;]<\/p>\n","protected":false},"author":1,"featured_media":0,"parent":0,"menu_order":0,"comment_status":"closed","ping_status":"open","template":"","meta":{"footnotes":""},"aioseo_notices":[],"_links":{"self":[{"href":"https:\/\/gielda.uzywanemaszyny.com\/index.php\/wp-json\/wp\/v2\/pages\/3"}],"collection":[{"href":"https:\/\/gielda.uzywanemaszyny.com\/index.php\/wp-json\/wp\/v2\/pages"}],"about":[{"href":"https:\/\/gielda.uzywanemaszyny.com\/index.php\/wp-json\/wp\/v2\/types\/page"}],"author":[{"embeddable":true,"href":"https:\/\/gielda.uzywanemaszyny.com\/index.php\/wp-json\/wp\/v2\/users\/1"}],"replies":[{"embeddable":true,"href":"https:\/\/gielda.uzywanemaszyny.com\/index.php\/wp-json\/wp\/v2\/comments?post=3"}],"version-history":[{"count":3,"href":"https:\/\/gielda.uzywanemaszyny.com\/index.php\/wp-json\/wp\/v2\/pages\/3\/revisions"}],"predecessor-version":[{"id":662,"href":"https:\/\/gielda.uzywanemaszyny.com\/index.php\/wp-json\/wp\/v2\/pages\/3\/revisions\/662"}],"wp:attachment":[{"href":"https:\/\/gielda.uzywanemaszyny.com\/index.php\/wp-json\/wp\/v2\/media?parent=3"}],"curies":[{"name":"wp","href":"https:\/\/api.w.org\/{rel}","templated":true}]}}